{"id":514,"date":"2026-03-12T05:15:14","date_gmt":"2026-03-12T05:15:14","guid":{"rendered":"https:\/\/oiryconectar.com\/?page_id=514"},"modified":"2026-04-16T05:26:35","modified_gmt":"2026-04-16T05:26:35","slug":"sobre-nosotros","status":"publish","type":"page","link":"https:\/\/oiryconectar.com\/index.php\/sobre-nosotros\/","title":{"rendered":"Sobre Nosotros"},"content":{"rendered":"\t\t<div data-elementor-type=\"wp-page\" data-elementor-id=\"514\" class=\"elementor elementor-514\" data-elementor-post-type=\"page\">\n\t\t\t\t<div class=\"elementor-element elementor-element-37a2f37 e-flex e-con-boxed e-con e-parent\" data-id=\"37a2f37\" data-element_type=\"container\" data-e-type=\"container\" data-settings=\"{&quot;background_background&quot;:&quot;gradient&quot;,&quot;ekit_has_onepagescroll_dot&quot;:&quot;yes&quot;}\">\n\t\t\t\t\t<div class=\"e-con-inner\">\n\t\t<div class=\"elementor-element elementor-element-850d347 e-con-full e-flex e-con e-child\" data-id=\"850d347\" data-element_type=\"container\" data-e-type=\"container\" data-settings=\"{&quot;ekit_has_onepagescroll_dot&quot;:&quot;yes&quot;}\">\n\t\t<div class=\"elementor-element elementor-element-29fd727 e-con-full e-flex e-con e-child\" data-id=\"29fd727\" data-element_type=\"container\" data-e-type=\"container\" data-settings=\"{&quot;ekit_has_onepagescroll_dot&quot;:&quot;yes&quot;}\">\n\t\t<div class=\"elementor-element elementor-element-5636a11 e-con-full e-flex e-con e-child\" data-id=\"5636a11\" data-element_type=\"container\" data-e-type=\"container\" data-settings=\"{&quot;ekit_has_onepagescroll_dot&quot;:&quot;yes&quot;}\">\n\t\t\t\t<div class=\"elementor-element elementor-element-64374b9 elementor-widget elementor-widget-heading\" data-id=\"64374b9\" data-element_type=\"widget\" data-e-type=\"widget\" data-settings=\"{&quot;ekit_we_effect_on&quot;:&quot;none&quot;}\" data-widget_type=\"heading.default\">\n\t\t\t\t<div class=\"elementor-widget-container\">\n\t\t\t\t\t<h2 class=\"elementor-heading-title elementor-size-default\">Pasi\u00f3n por escuchar, dedicaci\u00f3n para ayudar<\/h2>\t\t\t\t<\/div>\n\t\t\t\t<\/div>\n\t\t\t\t<div class=\"elementor-element elementor-element-bc3d7dc elementor-widget elementor-widget-heading\" data-id=\"bc3d7dc\" data-element_type=\"widget\" data-e-type=\"widget\" data-settings=\"{&quot;ekit_we_effect_on&quot;:&quot;none&quot;}\" data-widget_type=\"heading.default\">\n\t\t\t\t<div class=\"elementor-widget-container\">\n\t\t\t\t\t<h2 class=\"elementor-heading-title elementor-size-default\">Soy Patricia Rinc\u00f3n, fundadora de O\u00edr y Conectar. Mi misi\u00f3n es devolverte la conexi\u00f3n con el mundo a trav\u00e9s de soluciones auditivas.<\/h2>\t\t\t\t<\/div>\n\t\t\t\t<\/div>\n\t\t<div class=\"elementor-element elementor-element-4c41210 e-con-full e-flex e-con e-child\" data-id=\"4c41210\" data-element_type=\"container\" data-e-type=\"container\" data-settings=\"{&quot;ekit_has_onepagescroll_dot&quot;:&quot;yes&quot;}\">\n\t\t<div class=\"elementor-element elementor-element-7e3ccd5 e-con-full e-flex e-con e-child\" data-id=\"7e3ccd5\" data-element_type=\"container\" data-e-type=\"container\" data-settings=\"{&quot;ekit_has_onepagescroll_dot&quot;:&quot;yes&quot;}\">\n\t\t<div class=\"elementor-element elementor-element-c91fc2d e-con-full e-flex e-con e-child\" data-id=\"c91fc2d\" data-element_type=\"container\" data-e-type=\"container\" data-settings=\"{&quot;ekit_has_onepagescroll_dot&quot;:&quot;yes&quot;}\">\n\t\t\t\t<div class=\"elementor-element elementor-element-2137fd3 elementor-widget elementor-widget-button\" data-id=\"2137fd3\" data-element_type=\"widget\" data-e-type=\"widget\" data-settings=\"{&quot;ekit_we_effect_on&quot;:&quot;none&quot;}\" data-widget_type=\"button.default\">\n\t\t\t\t<div class=\"elementor-widget-container\">\n\t\t\t\t\t\t\t\t\t<div class=\"elementor-button-wrapper\">\n\t\t\t\t\t<a class=\"elementor-button elementor-button-link elementor-size-sm\" href=\"#\">\n\t\t\t\t\t\t<span class=\"elementor-button-content-wrapper\">\n\t\t\t\t\t\t<span class=\"elementor-button-icon\">\n\t\t\t\t<svg aria-hidden=\"true\" class=\"e-font-icon-svg e-fas-arrow-right\" viewBox=\"0 0 448 512\" xmlns=\"http:\/\/www.w3.org\/2000\/svg\"><path d=\"M190.5 66.9l22.2-22.2c9.4-9.4 24.6-9.4 33.9 0L441 239c9.4 9.4 9.4 24.6 0 33.9L246.6 467.3c-9.4 9.4-24.6 9.4-33.9 0l-22.2-22.2c-9.5-9.5-9.3-25 .4-34.3L311.4 296H24c-13.3 0-24-10.7-24-24v-32c0-13.3 10.7-24 24-24h287.4L190.9 101.2c-9.8-9.3-10-24.8-.4-34.3z\"><\/path><\/svg>\t\t\t<\/span>\n\t\t\t\t\t\t\t\t\t<span class=\"elementor-button-text\">Ver Soluciones<\/span>\n\t\t\t\t\t<\/span>\n\t\t\t\t\t<\/a>\n\t\t\t\t<\/div>\n\t\t\t\t\t\t\t\t<\/div>\n\t\t\t\t<\/div>\n\t\t\t\t<\/div>\n\t\t<div class=\"elementor-element elementor-element-d19e5a8 e-con-full e-flex e-con e-child\" data-id=\"d19e5a8\" data-element_type=\"container\" data-e-type=\"container\" data-settings=\"{&quot;ekit_has_onepagescroll_dot&quot;:&quot;yes&quot;}\">\n\t\t\t\t<div class=\"elementor-element elementor-element-1d69f8d elementor-widget elementor-widget-button\" data-id=\"1d69f8d\" data-element_type=\"widget\" data-e-type=\"widget\" data-settings=\"{&quot;ekit_we_effect_on&quot;:&quot;none&quot;}\" data-widget_type=\"button.default\">\n\t\t\t\t<div class=\"elementor-widget-container\">\n\t\t\t\t\t\t\t\t\t<div class=\"elementor-button-wrapper\">\n\t\t\t\t\t<a class=\"elementor-button elementor-button-link elementor-size-sm\" href=\"#\">\n\t\t\t\t\t\t<span class=\"elementor-button-content-wrapper\">\n\t\t\t\t\t\t\t\t\t<span class=\"elementor-button-text\">Contactar Ahora<\/span>\n\t\t\t\t\t<\/span>\n\t\t\t\t\t<\/a>\n\t\t\t\t<\/div>\n\t\t\t\t\t\t\t\t<\/div>\n\t\t\t\t<\/div>\n\t\t\t\t<\/div>\n\t\t\t\t<\/div>\n\t\t\t\t<\/div>\n\t\t\t\t<\/div>\n\t\t<div class=\"elementor-element elementor-element-fec43f8 e-con-full e-flex e-con e-child\" data-id=\"fec43f8\" data-element_type=\"container\" data-e-type=\"container\" data-settings=\"{&quot;ekit_has_onepagescroll_dot&quot;:&quot;yes&quot;}\">\n\t\t<div class=\"elementor-element elementor-element-cb4f111 e-con-full e-flex e-con e-child\" data-id=\"cb4f111\" data-element_type=\"container\" data-e-type=\"container\" data-settings=\"{&quot;ekit_has_onepagescroll_dot&quot;:&quot;yes&quot;}\">\n\t\t\t\t<div class=\"elementor-element elementor-element-e3d1efe elementor-widget elementor-widget-image\" data-id=\"e3d1efe\" data-element_type=\"widget\" data-e-type=\"widget\" data-settings=\"{&quot;ekit_we_effect_on&quot;:&quot;none&quot;}\" data-widget_type=\"image.default\">\n\t\t\t\t<div class=\"elementor-widget-container\">\n\t\t\t\t\t\t\t\t\t\t\t\t\t\t\t<img fetchpriority=\"high\" decoding=\"async\" width=\"800\" height=\"534\" src=\"https:\/\/oiryconectar.com\/wp-content\/uploads\/2024\/10\/8e10003c-9da0-4d05-837d-84a93a4a05d6-1024x683.jpg\" class=\"attachment-large size-large wp-image-17\" alt=\"\" srcset=\"https:\/\/oiryconectar.com\/wp-content\/uploads\/2024\/10\/8e10003c-9da0-4d05-837d-84a93a4a05d6-1024x683.jpg 1024w, https:\/\/oiryconectar.com\/wp-content\/uploads\/2024\/10\/8e10003c-9da0-4d05-837d-84a93a4a05d6-300x200.jpg 300w, https:\/\/oiryconectar.com\/wp-content\/uploads\/2024\/10\/8e10003c-9da0-4d05-837d-84a93a4a05d6-768x512.jpg 768w, https:\/\/oiryconectar.com\/wp-content\/uploads\/2024\/10\/8e10003c-9da0-4d05-837d-84a93a4a05d6.jpg 1400w\" sizes=\"(max-width: 800px) 100vw, 800px\" \/>\t\t\t\t\t\t\t\t\t\t\t\t\t\t\t<\/div>\n\t\t\t\t<\/div>\n\t\t\t\t<\/div>\n\t\t\t\t<\/div>\n\t\t\t\t<\/div>\n\t\t\t\t<\/div>\n\t\t\t\t\t<\/div>\n\t\t\t\t<\/div>\n\t\t<div class=\"elementor-element elementor-element-c62ecf3 e-flex e-con-boxed e-con e-parent\" data-id=\"c62ecf3\" data-element_type=\"container\" data-e-type=\"container\" data-settings=\"{&quot;ekit_has_onepagescroll_dot&quot;:&quot;yes&quot;}\">\n\t\t\t\t\t<div class=\"e-con-inner\">\n\t\t<div class=\"elementor-element elementor-element-d55c2b4 e-con-full e-flex e-con e-child\" data-id=\"d55c2b4\" data-element_type=\"container\" data-e-type=\"container\" data-settings=\"{&quot;background_background&quot;:&quot;classic&quot;,&quot;ekit_has_onepagescroll_dot&quot;:&quot;yes&quot;}\">\n\t\t\t\t<div class=\"elementor-element elementor-element-12fbca0 elementor-view-stacked elementor-shape-circle elementor-widget elementor-widget-icon\" data-id=\"12fbca0\" data-element_type=\"widget\" data-e-type=\"widget\" data-settings=\"{&quot;ekit_we_effect_on&quot;:&quot;none&quot;}\" data-widget_type=\"icon.default\">\n\t\t\t\t<div class=\"elementor-widget-container\">\n\t\t\t\t\t\t\t<div class=\"elementor-icon-wrapper\">\n\t\t\t<div class=\"elementor-icon\">\n\t\t\t<svg aria-hidden=\"true\" class=\"e-font-icon-svg e-fas-user-graduate\" viewBox=\"0 0 448 512\" xmlns=\"http:\/\/www.w3.org\/2000\/svg\"><path d=\"M319.4 320.6L224 416l-95.4-95.4C57.1 323.7 0 382.2 0 454.4v9.6c0 26.5 21.5 48 48 48h352c26.5 0 48-21.5 48-48v-9.6c0-72.2-57.1-130.7-128.6-133.8zM13.6 79.8l6.4 1.5v58.4c-7 4.2-12 11.5-12 20.3 0 8.4 4.6 15.4 11.1 19.7L3.5 242c-1.7 6.9 2.1 14 7.6 14h41.8c5.5 0 9.3-7.1 7.6-14l-15.6-62.3C51.4 175.4 56 168.4 56 160c0-8.8-5-16.1-12-20.3V87.1l66 15.9c-8.6 17.2-14 36.4-14 57 0 70.7 57.3 128 128 128s128-57.3 128-128c0-20.6-5.3-39.8-14-57l96.3-23.2c18.2-4.4 18.2-27.1 0-31.5l-190.4-46c-13-3.1-26.7-3.1-39.7 0L13.6 48.2c-18.1 4.4-18.1 27.2 0 31.6z\"><\/path><\/svg>\t\t\t<\/div>\n\t\t<\/div>\n\t\t\t\t\t\t<\/div>\n\t\t\t\t<\/div>\n\t\t\t\t<div class=\"elementor-element elementor-element-970be4d elementor-widget elementor-widget-heading\" data-id=\"970be4d\" data-element_type=\"widget\" data-e-type=\"widget\" data-settings=\"{&quot;ekit_we_effect_on&quot;:&quot;none&quot;}\" data-widget_type=\"heading.default\">\n\t\t\t\t<div class=\"elementor-widget-container\">\n\t\t\t\t\t<h2 class=\"elementor-heading-title elementor-size-default\">Formaci\u00f3n Especializada<\/h2>\t\t\t\t<\/div>\n\t\t\t\t<\/div>\n\t\t\t\t<div class=\"elementor-element elementor-element-584809c elementor-widget elementor-widget-heading\" data-id=\"584809c\" data-element_type=\"widget\" data-e-type=\"widget\" data-settings=\"{&quot;ekit_we_effect_on&quot;:&quot;none&quot;}\" data-widget_type=\"heading.default\">\n\t\t\t\t<div class=\"elementor-widget-container\">\n\t\t\t\t\t<h2 class=\"elementor-heading-title elementor-size-default\">Diplomada en \u00d3ptica y Optometr\u00eda y Experta en Audiopr\u00f3tesis por la Universidad de Alicante (2000). T\u00e9cnica Superior en Audiolog\u00eda Prot\u00e9sica por el ISEP CEU de Madrid.<\/h2>\t\t\t\t<\/div>\n\t\t\t\t<\/div>\n\t\t\t\t<\/div>\n\t\t<div class=\"elementor-element elementor-element-d0d630c e-con-full e-flex e-con e-child\" data-id=\"d0d630c\" data-element_type=\"container\" data-e-type=\"container\" data-settings=\"{&quot;background_background&quot;:&quot;classic&quot;,&quot;ekit_has_onepagescroll_dot&quot;:&quot;yes&quot;}\">\n\t\t\t\t<div class=\"elementor-element elementor-element-08ea919 elementor-view-stacked elementor-shape-circle elementor-widget elementor-widget-icon\" data-id=\"08ea919\" data-element_type=\"widget\" data-e-type=\"widget\" data-settings=\"{&quot;ekit_we_effect_on&quot;:&quot;none&quot;}\" data-widget_type=\"icon.default\">\n\t\t\t\t<div class=\"elementor-widget-container\">\n\t\t\t\t\t\t\t<div class=\"elementor-icon-wrapper\">\n\t\t\t<div class=\"elementor-icon\">\n\t\t\t<svg aria-hidden=\"true\" class=\"e-font-icon-svg e-fas-assistive-listening-systems\" viewBox=\"0 0 512 512\" xmlns=\"http:\/\/www.w3.org\/2000\/svg\"><path d=\"M216 260c0 15.464-12.536 28-28 28s-28-12.536-28-28c0-44.112 35.888-80 80-80s80 35.888 80 80c0 15.464-12.536 28-28 28s-28-12.536-28-28c0-13.234-10.767-24-24-24s-24 10.766-24 24zm24-176c-97.047 0-176 78.953-176 176 0 15.464 12.536 28 28 28s28-12.536 28-28c0-66.168 53.832-120 120-120s120 53.832 120 120c0 75.164-71.009 70.311-71.997 143.622L288 404c0 28.673-23.327 52-52 52-15.464 0-28 12.536-28 28s12.536 28 28 28c59.475 0 107.876-48.328 108-107.774.595-34.428 72-48.24 72-144.226 0-97.047-78.953-176-176-176zm-80 236c-17.673 0-32 14.327-32 32s14.327 32 32 32 32-14.327 32-32-14.327-32-32-32zM32 448c-17.673 0-32 14.327-32 32s14.327 32 32 32 32-14.327 32-32-14.327-32-32-32zm480-187.993c0-1.518-.012-3.025-.045-4.531C510.076 140.525 436.157 38.47 327.994 1.511c-14.633-4.998-30.549 2.809-35.55 17.442-5 14.633 2.81 30.549 17.442 35.55 85.906 29.354 144.61 110.513 146.077 201.953l.003.188c.026 1.118.033 2.236.033 3.363 0 15.464 12.536 28 28 28s28.001-12.536 28.001-28zM152.971 439.029l-80-80L39.03 392.97l80 80 33.941-33.941z\"><\/path><\/svg>\t\t\t<\/div>\n\t\t<\/div>\n\t\t\t\t\t\t<\/div>\n\t\t\t\t<\/div>\n\t\t\t\t<div class=\"elementor-element elementor-element-224c520 elementor-widget elementor-widget-heading\" data-id=\"224c520\" data-element_type=\"widget\" data-e-type=\"widget\" data-settings=\"{&quot;ekit_we_effect_on&quot;:&quot;none&quot;}\" data-widget_type=\"heading.default\">\n\t\t\t\t<div class=\"elementor-widget-container\">\n\t\t\t\t\t<h2 class=\"elementor-heading-title elementor-size-default\">Enfoque Personalizado<\/h2>\t\t\t\t<\/div>\n\t\t\t\t<\/div>\n\t\t\t\t<div class=\"elementor-element elementor-element-db67477 elementor-widget elementor-widget-heading\" data-id=\"db67477\" data-element_type=\"widget\" data-e-type=\"widget\" data-settings=\"{&quot;ekit_we_effect_on&quot;:&quot;none&quot;}\" data-widget_type=\"heading.default\">\n\t\t\t\t<div class=\"elementor-widget-container\">\n\t\t\t\t\t<h2 class=\"elementor-heading-title elementor-size-default\">Entendemos que cada o\u00eddo y cada estilo de vida es \u00fanico. Mi m\u00e9todo se basa en escuchar primero al paciente para ofrecer la soluci\u00f3n tecnol\u00f3gica exacta.<\/h2>\t\t\t\t<\/div>\n\t\t\t\t<\/div>\n\t\t\t\t<\/div>\n\t\t<div class=\"elementor-element elementor-element-9c882bc e-con-full e-flex e-con e-child\" data-id=\"9c882bc\" data-element_type=\"container\" data-e-type=\"container\" data-settings=\"{&quot;background_background&quot;:&quot;classic&quot;,&quot;ekit_has_onepagescroll_dot&quot;:&quot;yes&quot;}\">\n\t\t\t\t<div class=\"elementor-element elementor-element-57952d2 elementor-view-stacked elementor-shape-circle elementor-widget elementor-widget-icon\" data-id=\"57952d2\" data-element_type=\"widget\" data-e-type=\"widget\" data-settings=\"{&quot;ekit_we_effect_on&quot;:&quot;none&quot;}\" data-widget_type=\"icon.default\">\n\t\t\t\t<div class=\"elementor-widget-container\">\n\t\t\t\t\t\t\t<div class=\"elementor-icon-wrapper\">\n\t\t\t<div class=\"elementor-icon\">\n\t\t\t<svg aria-hidden=\"true\" class=\"e-font-icon-svg e-fas-podcast\" viewBox=\"0 0 448 512\" xmlns=\"http:\/\/www.w3.org\/2000\/svg\"><path d=\"M267.429 488.563C262.286 507.573 242.858 512 224 512c-18.857 0-38.286-4.427-43.428-23.437C172.927 460.134 160 388.898 160 355.75c0-35.156 31.142-43.75 64-43.75s64 8.594 64 43.75c0 32.949-12.871 104.179-20.571 132.813zM156.867 288.554c-18.693-18.308-29.958-44.173-28.784-72.599 2.054-49.724 42.395-89.956 92.124-91.881C274.862 121.958 320 165.807 320 220c0 26.827-11.064 51.116-28.866 68.552-2.675 2.62-2.401 6.986.628 9.187 9.312 6.765 16.46 15.343 21.234 25.363 1.741 3.654 6.497 4.66 9.449 1.891 28.826-27.043 46.553-65.783 45.511-108.565-1.855-76.206-63.595-138.208-139.793-140.369C146.869 73.753 80 139.215 80 220c0 41.361 17.532 78.7 45.55 104.989 2.953 2.771 7.711 1.77 9.453-1.887 4.774-10.021 11.923-18.598 21.235-25.363 3.029-2.2 3.304-6.566.629-9.185zM224 0C100.204 0 0 100.185 0 224c0 89.992 52.602 165.647 125.739 201.408 4.333 2.118 9.267-1.544 8.535-6.31-2.382-15.512-4.342-30.946-5.406-44.339-.146-1.836-1.149-3.486-2.678-4.512-47.4-31.806-78.564-86.016-78.187-147.347.592-96.237 79.29-174.648 175.529-174.899C320.793 47.747 400 126.797 400 224c0 61.932-32.158 116.49-80.65 147.867-.999 14.037-3.069 30.588-5.624 47.23-.732 4.767 4.203 8.429 8.535 6.31C395.227 389.727 448 314.187 448 224 448 100.205 347.815 0 224 0zm0 160c-35.346 0-64 28.654-64 64s28.654 64 64 64 64-28.654 64-64-28.654-64-64-64z\"><\/path><\/svg>\t\t\t<\/div>\n\t\t<\/div>\n\t\t\t\t\t\t<\/div>\n\t\t\t\t<\/div>\n\t\t\t\t<div class=\"elementor-element elementor-element-347532e elementor-widget elementor-widget-heading\" data-id=\"347532e\" data-element_type=\"widget\" data-e-type=\"widget\" data-settings=\"{&quot;ekit_we_effect_on&quot;:&quot;none&quot;}\" data-widget_type=\"heading.default\">\n\t\t\t\t<div class=\"elementor-widget-container\">\n\t\t\t\t\t<h2 class=\"elementor-heading-title elementor-size-default\">Todas las Edades<\/h2>\t\t\t\t<\/div>\n\t\t\t\t<\/div>\n\t\t\t\t<div class=\"elementor-element elementor-element-ac7f2f5 elementor-widget elementor-widget-heading\" data-id=\"ac7f2f5\" data-element_type=\"widget\" data-e-type=\"widget\" data-settings=\"{&quot;ekit_we_effect_on&quot;:&quot;none&quot;}\" data-widget_type=\"heading.default\">\n\t\t\t\t<div class=\"elementor-widget-container\">\n\t\t\t\t\t<h2 class=\"elementor-heading-title elementor-size-default\">Desde la detecci\u00f3n temprana en j\u00f3venes   hasta al acompa\u00f1amiento en la tercera edad. La salud auditiva es vital en cada etapa de la vida                    <\/h2>\t\t\t\t<\/div>\n\t\t\t\t<\/div>\n\t\t\t\t<\/div>\n\t\t\t\t\t<\/div>\n\t\t\t\t<\/div>\n\t\t<div class=\"elementor-element elementor-element-762276d e-flex e-con-boxed e-con e-parent\" data-id=\"762276d\" data-element_type=\"container\" data-e-type=\"container\" data-settings=\"{&quot;background_background&quot;:&quot;classic&quot;,&quot;ekit_has_onepagescroll_dot&quot;:&quot;yes&quot;}\">\n\t\t\t\t\t<div class=\"e-con-inner\">\n\t\t<div class=\"elementor-element elementor-element-e2ef39d e-con-full e-flex e-con e-child\" data-id=\"e2ef39d\" data-element_type=\"container\" data-e-type=\"container\" data-settings=\"{&quot;background_background&quot;:&quot;classic&quot;,&quot;ekit_has_onepagescroll_dot&quot;:&quot;yes&quot;}\">\n\t\t\t\t<div class=\"elementor-element elementor-element-f1c78f3 elementor-widget elementor-widget-heading\" data-id=\"f1c78f3\" data-element_type=\"widget\" data-e-type=\"widget\" data-settings=\"{&quot;ekit_we_effect_on&quot;:&quot;none&quot;}\" data-widget_type=\"heading.default\">\n\t\t\t\t<div class=\"elementor-widget-container\">\n\t\t\t\t\t<h2 class=\"elementor-heading-title elementor-size-default\">Patricia Rinc\u00f3n<\/h2>\t\t\t\t<\/div>\n\t\t\t\t<\/div>\n\t\t\t\t<div class=\"elementor-element elementor-element-f0bd819 elementor-widget elementor-widget-heading\" data-id=\"f0bd819\" data-element_type=\"widget\" data-e-type=\"widget\" data-settings=\"{&quot;ekit_we_effect_on&quot;:&quot;none&quot;}\" data-widget_type=\"heading.default\">\n\t\t\t\t<div class=\"elementor-widget-container\">\n\t\t\t\t\t<h2 class=\"elementor-heading-title elementor-size-default\">Sobre Mi<\/h2>\t\t\t\t<\/div>\n\t\t\t\t<\/div>\n\t\t\t\t<div class=\"elementor-element elementor-element-b24ba64 elementor-widget elementor-widget-heading\" data-id=\"b24ba64\" data-element_type=\"widget\" data-e-type=\"widget\" data-settings=\"{&quot;ekit_we_effect_on&quot;:&quot;none&quot;}\" data-widget_type=\"heading.default\">\n\t\t\t\t<div class=\"elementor-widget-container\">\n\t\t\t\t\t<h2 class=\"elementor-heading-title elementor-size-default\">Diplomada en \u00d3ptica y Optometr\u00eda y Experta en Audiopr\u00f3tesis por la Universidad de Alicante (2000). T\u00e9cnica Superior en Audiolog\u00eda Prot\u00e9sica por el ISEP CEU de Madrid. Lleva 15 a\u00f1os trabajando en diferentes empresas del sector biosanitario y ahora pone toda su experiencia en Audiolog\u00eda Marbella.<br><br>Patricia Rinc\u00f3n es una persona especial, humana y c\u00e1lida, y sobre todo  muy sensibilizada con todos los pacientes que sufren p\u00e9rdida auditiva. Trabaja  activamente en divulgar la importancia que tiene el o\u00edr y entender bien, haciendo campa\u00f1as con el fin de concienciar a las personas de lo importante que es la audici\u00f3n para nuestra salud tanto f\u00edsica como emocional y todas las consecuencias nefastas que conlleva cuando la p\u00e9rdida auditiva no es tratada.<\/h2>\t\t\t\t<\/div>\n\t\t\t\t<\/div>\n\t\t\t\t<\/div>\n\t\t<div class=\"elementor-element elementor-element-84e5bbb e-con-full e-flex e-con e-child\" data-id=\"84e5bbb\" data-element_type=\"container\" data-e-type=\"container\" data-settings=\"{&quot;background_background&quot;:&quot;classic&quot;,&quot;ekit_has_onepagescroll_dot&quot;:&quot;yes&quot;}\">\n\t\t\t\t<div class=\"elementor-element elementor-element-5a02d0d elementor-widget elementor-widget-image\" data-id=\"5a02d0d\" data-element_type=\"widget\" data-e-type=\"widget\" data-settings=\"{&quot;ekit_we_effect_on&quot;:&quot;none&quot;}\" data-widget_type=\"image.default\">\n\t\t\t\t<div class=\"elementor-widget-container\">\n\t\t\t\t\t\t\t\t\t\t\t\t\t\t\t<img decoding=\"async\" width=\"682\" height=\"630\" src=\"https:\/\/oiryconectar.com\/wp-content\/uploads\/2024\/11\/patriciarinconfoto.png\" class=\"attachment-large size-large wp-image-386\" alt=\"\" srcset=\"https:\/\/oiryconectar.com\/wp-content\/uploads\/2024\/11\/patriciarinconfoto.png 682w, https:\/\/oiryconectar.com\/wp-content\/uploads\/2024\/11\/patriciarinconfoto-300x277.png 300w\" sizes=\"(max-width: 682px) 100vw, 682px\" \/>\t\t\t\t\t\t\t\t\t\t\t\t\t\t\t<\/div>\n\t\t\t\t<\/div>\n\t\t\t\t<\/div>\n\t\t\t\t\t<\/div>\n\t\t\t\t<\/div>\n\t\t<div class=\"elementor-element elementor-element-c128c2b e-flex e-con-boxed e-con e-parent\" data-id=\"c128c2b\" data-element_type=\"container\" data-e-type=\"container\" data-settings=\"{&quot;ekit_has_onepagescroll_dot&quot;:&quot;yes&quot;}\">\n\t\t\t\t\t<div class=\"e-con-inner\">\n\t\t\t\t<div class=\"elementor-element elementor-element-5c8768e elementor-widget elementor-widget-heading\" data-id=\"5c8768e\" data-element_type=\"widget\" data-e-type=\"widget\" data-settings=\"{&quot;ekit_we_effect_on&quot;:&quot;none&quot;}\" data-widget_type=\"heading.default\">\n\t\t\t\t<div class=\"elementor-widget-container\">\n\t\t\t\t\t<h2 class=\"elementor-heading-title elementor-size-default\">\u00bfListo para mejorar tu calidad de vida?<\/h2>\t\t\t\t<\/div>\n\t\t\t\t<\/div>\n\t\t\t\t<div class=\"elementor-element elementor-element-24be20c elementor-widget elementor-widget-heading\" data-id=\"24be20c\" data-element_type=\"widget\" data-e-type=\"widget\" data-settings=\"{&quot;ekit_we_effect_on&quot;:&quot;none&quot;}\" data-widget_type=\"heading.default\">\n\t\t\t\t<div class=\"elementor-widget-container\">\n\t\t\t\t\t<h2 class=\"elementor-heading-title elementor-size-default\">Agenda una consulta gratuita conmigo. Analizaremos tu situaci\u00f3n auditiva sin compromiso y encontraremos la mejor soluci\u00f3n para ti<\/h2>\t\t\t\t<\/div>\n\t\t\t\t<\/div>\n\t\t<div class=\"elementor-element elementor-element-dc5640b e-con-full e-flex e-con e-child\" data-id=\"dc5640b\" data-element_type=\"container\" data-e-type=\"container\" data-settings=\"{&quot;ekit_has_onepagescroll_dot&quot;:&quot;yes&quot;}\">\n\t\t\t\t<div class=\"elementor-element elementor-element-e4819d4 elementor-align-center elementor-widget elementor-widget-button\" data-id=\"e4819d4\" data-element_type=\"widget\" data-e-type=\"widget\" data-settings=\"{&quot;ekit_we_effect_on&quot;:&quot;none&quot;}\" data-widget_type=\"button.default\">\n\t\t\t\t<div class=\"elementor-widget-container\">\n\t\t\t\t\t\t\t\t\t<div class=\"elementor-button-wrapper\">\n\t\t\t\t\t<a class=\"elementor-button elementor-button-link elementor-size-sm\" href=\"#\">\n\t\t\t\t\t\t<span class=\"elementor-button-content-wrapper\">\n\t\t\t\t\t\t<span class=\"elementor-button-icon\">\n\t\t\t\t<svg aria-hidden=\"true\" class=\"e-font-icon-svg e-fas-arrow-right\" viewBox=\"0 0 448 512\" xmlns=\"http:\/\/www.w3.org\/2000\/svg\"><path d=\"M190.5 66.9l22.2-22.2c9.4-9.4 24.6-9.4 33.9 0L441 239c9.4 9.4 9.4 24.6 0 33.9L246.6 467.3c-9.4 9.4-24.6 9.4-33.9 0l-22.2-22.2c-9.5-9.5-9.3-25 .4-34.3L311.4 296H24c-13.3 0-24-10.7-24-24v-32c0-13.3 10.7-24 24-24h287.4L190.9 101.2c-9.8-9.3-10-24.8-.4-34.3z\"><\/path><\/svg>\t\t\t<\/span>\n\t\t\t\t\t\t\t\t\t<span class=\"elementor-button-text\">Pedir cita Ahora<\/span>\n\t\t\t\t\t<\/span>\n\t\t\t\t\t<\/a>\n\t\t\t\t<\/div>\n\t\t\t\t\t\t\t\t<\/div>\n\t\t\t\t<\/div>\n\t\t\t\t<div class=\"elementor-element elementor-element-5533274 elementor-widget elementor-widget-button\" data-id=\"5533274\" data-element_type=\"widget\" data-e-type=\"widget\" data-settings=\"{&quot;ekit_we_effect_on&quot;:&quot;none&quot;}\" data-widget_type=\"button.default\">\n\t\t\t\t<div class=\"elementor-widget-container\">\n\t\t\t\t\t\t\t\t\t<div class=\"elementor-button-wrapper\">\n\t\t\t\t\t<a class=\"elementor-button elementor-button-link elementor-size-sm\" href=\"#\">\n\t\t\t\t\t\t<span class=\"elementor-button-content-wrapper\">\n\t\t\t\t\t\t\t\t\t<span class=\"elementor-button-text\">Ll\u00e1manos 623 305 005<\/span>\n\t\t\t\t\t<\/span>\n\t\t\t\t\t<\/a>\n\t\t\t\t<\/div>\n\t\t\t\t\t\t\t\t<\/div>\n\t\t\t\t<\/div>\n\t\t\t\t<\/div>\n\t\t\t\t\t<\/div>\n\t\t\t\t<\/div>\n\t\t\t\t<\/div>\n\t\t","protected":false},"excerpt":{"rendered":"<p>Pasi\u00f3n por escuchar, dedicaci\u00f3n para ayudar Soy Patricia Rinc\u00f3n, fundadora de O\u00edr y Conectar. Mi misi\u00f3n es devolverte la conexi\u00f3n con el mundo a trav\u00e9s de soluciones auditivas. Ver Soluciones Contactar Ahora Formaci\u00f3n Especializada Diplomada en \u00d3ptica y Optometr\u00eda y Experta en Audiopr\u00f3tesis por la Universidad de Alicante (2000). T\u00e9cnica Superior en Audiolog\u00eda Prot\u00e9sica por [&hellip;]<\/p>\n","protected":false},"author":1,"featured_media":0,"parent":0,"menu_order":0,"comment_status":"closed","ping_status":"closed","template":"elementor_header_footer","meta":{"footnotes":""},"class_list":["post-514","page","type-page","status-publish","hentry"],"_links":{"self":[{"href":"https:\/\/oiryconectar.com\/index.php\/wp-json\/wp\/v2\/pages\/514","targetHints":{"allow":["GET"]}}],"collection":[{"href":"https:\/\/oiryconectar.com\/index.php\/wp-json\/wp\/v2\/pages"}],"about":[{"href":"https:\/\/oiryconectar.com\/index.php\/wp-json\/wp\/v2\/types\/page"}],"author":[{"embeddable":true,"href":"https:\/\/oiryconectar.com\/index.php\/wp-json\/wp\/v2\/users\/1"}],"replies":[{"embeddable":true,"href":"https:\/\/oiryconectar.com\/index.php\/wp-json\/wp\/v2\/comments?post=514"}],"version-history":[{"count":4,"href":"https:\/\/oiryconectar.com\/index.php\/wp-json\/wp\/v2\/pages\/514\/revisions"}],"predecessor-version":[{"id":565,"href":"https:\/\/oiryconectar.com\/index.php\/wp-json\/wp\/v2\/pages\/514\/revisions\/565"}],"wp:attachment":[{"href":"https:\/\/oiryconectar.com\/index.php\/wp-json\/wp\/v2\/media?parent=514"}],"curies":[{"name":"wp","href":"https:\/\/api.w.org\/{rel}","templated":true}]}}